{"id":6074,"date":"2026-02-27T04:36:34","date_gmt":"2026-02-27T04:36:34","guid":{"rendered":"https:\/\/pharex.co\/?page_id=6074"},"modified":"2026-04-14T05:38:51","modified_gmt":"2026-04-14T05:38:51","slug":"storage-pharex","status":"publish","type":"page","link":"https:\/\/pharex.co\/en\/storage-pharex\/","title":{"rendered":"STORAGE"},"content":{"rendered":"<div data-elementor-type=\"wp-page\" data-elementor-id=\"6074\" class=\"elementor elementor-6074\">\n\t\t\t\t\t\t<section class=\"elementor-section elementor-top-section elementor-element elementor-element-2e9e2e660 elementor-section-height-min-height elementor-section-content-middle elementor-section-boxed elementor-section-height-default elementor-section-items-middle wpr-particle-no wpr-jarallax-no wpr-parallax-no wpr-sticky-section-no wpr-equal-height-no\" data-id=\"2e9e2e660\" data-element_type=\"section\" data-e-type=\"section\" data-settings=\"{&quot;background_background&quot;:&quot;classic&quot;,&quot;shape_divider_bottom&quot;:&quot;arrow&quot;}\">\n\t\t\t\t\t\t\t<div class=\"elementor-background-overlay\"><\/div>\n\t\t\t\t\t\t<div class=\"elementor-shape elementor-shape-bottom\" aria-hidden=\"true\" data-negative=\"false\">\n\t\t\t<svg xmlns=\"http:\/\/www.w3.org\/2000\/svg\" viewbox=\"0 0 700 10\" preserveaspectratio=\"none\">\n\t<path class=\"elementor-shape-fill\" d=\"M350,10L340,0h20L350,10z\"\/>\n<\/svg>\t\t<\/div>\n\t\t\t\t\t<div class=\"elementor-container elementor-column-gap-default\">\n\t\t\t\t\t<div class=\"elementor-column elementor-col-100 elementor-top-column elementor-element elementor-element-b9bfdcc\" data-id=\"b9bfdcc\" data-element_type=\"column\" data-e-type=\"column\">\n\t\t\t<div class=\"elementor-widget-wrap elementor-element-populated\">\n\t\t\t\t\t\t<div class=\"elementor-element elementor-element-1e72dbd elementor-widget elementor-widget-text-editor\" data-id=\"1e72dbd\" data-element_type=\"widget\" data-e-type=\"widget\" data-widget_type=\"text-editor.default\">\n\t\t\t\t<div class=\"elementor-widget-container\">\n\t\t\t\t\t\t\t\t\t<p><strong>PHAREX<\/strong><\/p>\t\t\t\t\t\t\t\t<\/div>\n\t\t\t\t<\/div>\n\t\t\t\t<div class=\"elementor-element elementor-element-117297e elementor-widget elementor-widget-text-editor\" data-id=\"117297e\" data-element_type=\"widget\" data-e-type=\"widget\" data-widget_type=\"text-editor.default\">\n\t\t\t\t<div class=\"elementor-widget-container\">\n\t\t\t\t\t\t\t\t\t<p>STORAGE<\/p>\t\t\t\t\t\t\t\t<\/div>\n\t\t\t\t<\/div>\n\t\t\t\t<div class=\"elementor-element elementor-element-9cf52a9 elementor-widget elementor-widget-heading\" data-id=\"9cf52a9\" data-element_type=\"widget\" data-e-type=\"widget\" data-widget_type=\"heading.default\">\n\t\t\t\t<div class=\"elementor-widget-container\">\n\t\t\t\t\t<h2 class=\"elementor-heading-title elementor-size-default\">Estructura Tecnol\u00f3gica (WMS)<\/h2>\t\t\t\t<\/div>\n\t\t\t\t<\/div>\n\t\t\t\t\t<\/div>\n\t\t<\/div>\n\t\t\t\t\t<\/div>\n\t\t<\/section>\n\t\t\t\t<section class=\"elementor-section elementor-top-section elementor-element elementor-element-295fb7494 elementor-section-boxed elementor-section-height-default elementor-section-height-default wpr-particle-no wpr-jarallax-no wpr-parallax-no wpr-sticky-section-no wpr-equal-height-no\" data-id=\"295fb7494\" data-element_type=\"section\" data-e-type=\"section\" data-settings=\"{&quot;background_background&quot;:&quot;classic&quot;}\">\n\t\t\t\t\t\t<div class=\"elementor-container elementor-column-gap-default\">\n\t\t\t\t\t<div class=\"elementor-column elementor-col-100 elementor-top-column elementor-element elementor-element-7838195b\" data-id=\"7838195b\" data-element_type=\"column\" data-e-type=\"column\">\n\t\t\t<div class=\"elementor-widget-wrap elementor-element-populated\">\n\t\t\t\t\t\t<section class=\"elementor-section elementor-inner-section elementor-element elementor-element-4be56f2d elementor-section-boxed elementor-section-height-default elementor-section-height-default wpr-particle-no wpr-jarallax-no wpr-parallax-no wpr-sticky-section-no wpr-equal-height-no\" data-id=\"4be56f2d\" data-element_type=\"section\" data-e-type=\"section\">\n\t\t\t\t\t\t<div class=\"elementor-container elementor-column-gap-wide\">\n\t\t\t\t\t<div class=\"elementor-column elementor-col-50 elementor-inner-column elementor-element elementor-element-369ff0d8\" data-id=\"369ff0d8\" data-element_type=\"column\" data-e-type=\"column\">\n\t\t\t<div class=\"elementor-widget-wrap elementor-element-populated\">\n\t\t\t\t\t\t<div class=\"elementor-element elementor-element-b5cab16 elementor-widget elementor-widget-heading\" data-id=\"b5cab16\" data-element_type=\"widget\" data-e-type=\"widget\" data-widget_type=\"heading.default\">\n\t\t\t\t<div class=\"elementor-widget-container\">\n\t\t\t\t\t<h2 class=\"elementor-heading-title elementor-size-default\">Almacenamiento<\/h2>\t\t\t\t<\/div>\n\t\t\t\t<\/div>\n\t\t\t\t<div class=\"elementor-element elementor-element-e96653f elementor-widget elementor-widget-heading\" data-id=\"e96653f\" data-element_type=\"widget\" data-e-type=\"widget\" data-widget_type=\"heading.default\">\n\t\t\t\t<div class=\"elementor-widget-container\">\n\t\t\t\t\t<h2 class=\"elementor-heading-title elementor-size-default\">Almacenamos y custodiamos <br>tus mercanc\u00edas\n<\/h2>\t\t\t\t<\/div>\n\t\t\t\t<\/div>\n\t\t\t\t<div class=\"elementor-element elementor-element-0ee76db elementor-widget elementor-widget-text-editor\" data-id=\"0ee76db\" data-element_type=\"widget\" data-e-type=\"widget\" data-widget_type=\"text-editor.default\">\n\t\t\t\t<div class=\"elementor-widget-container\">\n\t\t\t\t\t\t\t\t\t<p>La seguridad de sus productos es nuestra prioridad. Conscientes del impacto en la salud y el bienestar, ponemos a disposici\u00f3n de nuestros clientes CEDIS especializados y validados.<\/p>\t\t\t\t\t\t\t\t<\/div>\n\t\t\t\t<\/div>\n\t\t\t\t\t<\/div>\n\t\t<\/div>\n\t\t\t\t<div class=\"elementor-column elementor-col-50 elementor-inner-column elementor-element elementor-element-51988297\" data-id=\"51988297\" data-element_type=\"column\" data-e-type=\"column\">\n\t\t\t<div class=\"elementor-widget-wrap elementor-element-populated\">\n\t\t\t\t\t\t<div class=\"elementor-element elementor-element-55e2eaea wpr-switcher-style-dual wpr-switcher-label-style-outer wpr-switcher-icon-position-right elementor-widget elementor-widget-wpr-content-toggle\" data-id=\"55e2eaea\" data-element_type=\"widget\" data-e-type=\"widget\" data-widget_type=\"wpr-content-toggle.default\">\n\t\t\t\t<div class=\"elementor-widget-container\">\n\t\t\t\t\t<div class=\"wpr-content-toggle\">\n\t\t<div class=\"wpr-switcher-container\" data-active-switcher=\"1\">\n\n\t\t\t\n\t\t<div class=\"wpr-switcher-inner wpr-switcher-first\">\n\t\t\t\t\t\t<div class=\"wpr-switcher-label\">Realizamos<\/div>\n\t\t\t\n\t\t\t\t\t<\/div>\n\n\t\t<div class=\"wpr-switcher-outer\">\n\t\t\t<div class=\"wpr-switcher-wrap\">\n\t\t\t\t<div class=\"wpr-switcher\" data-switcher=\"1\"><\/div>\n\n\t\t\t\t<div class=\"wpr-switcher\" data-switcher=\"2\"><\/div>\n\n\t\t\t\t<div class=\"wpr-switcher-bg\"><\/div>\n\t\t\t<\/div>\n\t\t<\/div>\n\n\t\t<div class=\"wpr-switcher-inner wpr-switcher-second\">\n\t\t\t\t\t\t<div class=\"wpr-switcher-label\">Controlamos<\/div>\n\t\t\t\n\t\t\t\t\t<\/div>\n\n\t\t\n\t\t<\/div>\n\n\t\t<div class=\"wpr-switcher-content-wrap\">\n\t\t\t\n\t\t\t<div class=\"wpr-switcher-content\" data-switcher=\"1\">\n\t\t\t\t<div class=\"wpr-switcher-content-inner wpr-anim-size-large wpr-overlay-none\"><p style=\"text-align: center\"><img decoding=\"async\" class=\"wp-image-3345 aligncenter\" src=\"https:\/\/royal-elementor-addons.com\/wp-content\/uploads\/2020\/03\/Assedyrut-4-8-300x182.png\" alt=\"\" width=\"171\" height=\"104\" \/><\/p><p style=\"text-align: center\">Realizamos procesos de <strong>recepci\u00f3n t\u00e9cnica de productos.<\/strong><\/p><\/div>\t\t\t<\/div>\n\n\t\t\t<div class=\"wpr-switcher-content\" data-switcher=\"2\">\n\t\t\t\t<div class=\"wpr-switcher-content-inner wpr-anim-size-large wpr-overlay-none\"><p style=\"text-align: center\"><img decoding=\"async\" class=\"wp-image-3346 aligncenter\" src=\"https:\/\/royal-elementor-addons.com\/wp-content\/uploads\/2020\/03\/ujkiu-8-300x182.png\" alt=\"\" width=\"170\" height=\"103\" \/><\/p><p style=\"text-align: center\">Administramos y <strong>controlamos los inventarios de forma sistematizada en nuestro WMS<\/strong><\/p><\/div>\t\t\t<\/div>\n\n\t\t<\/div>\n\n\t\t<\/div>\t\t\t\t<\/div>\n\t\t\t\t<\/div>\n\t\t\t\t<div class=\"elementor-element elementor-element-1f36c70 elementor-widget elementor-widget-image\" data-id=\"1f36c70\" data-element_type=\"widget\" data-e-type=\"widget\" data-widget_type=\"image.default\">\n\t\t\t\t<div class=\"elementor-widget-container\">\n\t\t\t\t\t\t\t\t\t\t\t\t\t\t\t<img fetchpriority=\"high\" decoding=\"async\" width=\"693\" height=\"174\" src=\"https:\/\/pharex.co\/wp-content\/uploads\/2026\/02\/Recurso-15.png\" class=\"attachment-large size-large wp-image-5899\" alt=\"\" srcset=\"https:\/\/pharex.co\/wp-content\/uploads\/2026\/02\/Recurso-15.png 693w, https:\/\/pharex.co\/wp-content\/uploads\/2026\/02\/Recurso-15-300x75.png 300w, https:\/\/pharex.co\/wp-content\/uploads\/2026\/02\/Recurso-15-18x5.png 18w\" sizes=\"(max-width: 693px) 100vw, 693px\" \/>\t\t\t\t\t\t\t\t\t\t\t\t\t\t\t<\/div>\n\t\t\t\t<\/div>\n\t\t\t\t\t<\/div>\n\t\t<\/div>\n\t\t\t\t\t<\/div>\n\t\t<\/section>\n\t\t\t\t\t<\/div>\n\t\t<\/div>\n\t\t\t\t\t<\/div>\n\t\t<\/section>\n\t\t\t\t<section class=\"elementor-section elementor-top-section elementor-element elementor-element-40c1abd elementor-section-boxed elementor-section-height-default elementor-section-height-default wpr-particle-no wpr-jarallax-no wpr-parallax-no wpr-sticky-section-no wpr-equal-height-no\" data-id=\"40c1abd\" data-element_type=\"section\" data-e-type=\"section\" data-settings=\"{&quot;background_background&quot;:&quot;classic&quot;}\">\n\t\t\t\t\t\t\t<div class=\"elementor-background-overlay\"><\/div>\n\t\t\t\t\t\t\t<div class=\"elementor-container elementor-column-gap-default\">\n\t\t\t\t\t<div class=\"elementor-column elementor-col-100 elementor-top-column elementor-element elementor-element-59106a6\" data-id=\"59106a6\" data-element_type=\"column\" data-e-type=\"column\">\n\t\t\t<div class=\"elementor-widget-wrap elementor-element-populated\">\n\t\t\t\t\t\t<div class=\"elementor-element elementor-element-68d01c57 elementor-widget elementor-widget-heading\" data-id=\"68d01c57\" data-element_type=\"widget\" data-e-type=\"widget\" data-widget_type=\"heading.default\">\n\t\t\t\t<div class=\"elementor-widget-container\">\n\t\t\t\t\t<h2 class=\"elementor-heading-title elementor-size-default\">Contamos con Almacenamiento en cadena de fr\u00edo 2\u00b0c a 8\u00b0c, m\u00e1s de 700 mt3 y m\u00e1s de 21.000 ubicaciones en temperatura ambiente.<\/h2>\t\t\t\t<\/div>\n\t\t\t\t<\/div>\n\t\t\t\t\t<\/div>\n\t\t<\/div>\n\t\t\t\t\t<\/div>\n\t\t<\/section>\n\t\t\t\t<section class=\"elementor-section elementor-top-section elementor-element elementor-element-e22a227 elementor-section-boxed elementor-section-height-default elementor-section-height-default wpr-particle-no wpr-jarallax-no wpr-parallax-no wpr-sticky-section-no wpr-equal-height-no elementor-invisible\" data-id=\"e22a227\" data-element_type=\"section\" data-e-type=\"section\" data-settings=\"{&quot;background_background&quot;:&quot;classic&quot;,&quot;animation&quot;:&quot;fadeIn&quot;}\">\n\t\t\t\t\t\t\t<div class=\"elementor-background-overlay\"><\/div>\n\t\t\t\t\t\t\t<div class=\"elementor-container elementor-column-gap-default\">\n\t\t\t\t\t<div class=\"elementor-column elementor-col-50 elementor-top-column elementor-element elementor-element-1b3adc8 elementor-invisible\" data-id=\"1b3adc8\" data-element_type=\"column\" data-e-type=\"column\" data-settings=\"{&quot;animation&quot;:&quot;fadeInLeft&quot;}\">\n\t\t\t<div class=\"elementor-widget-wrap elementor-element-populated\">\n\t\t\t\t\t\t<div class=\"elementor-element elementor-element-ac4eca5 elementor-widget elementor-widget-text-editor\" data-id=\"ac4eca5\" data-element_type=\"widget\" data-e-type=\"widget\" data-widget_type=\"text-editor.default\">\n\t\t\t\t<div class=\"elementor-widget-container\">\n\t\t\t\t\t\t\t\t\t<p>Garantizamos un manejo adecuado y seguro de sus mercanc\u00edas, soportados por una robusta estructura tecnol\u00f3gica (WMS) que nos permite:<\/p>\t\t\t\t\t\t\t\t<\/div>\n\t\t\t\t<\/div>\n\t\t\t\t<div class=\"elementor-element elementor-element-37d0766 elementor-align-start elementor-icon-list--layout-traditional elementor-list-item-link-full_width elementor-widget elementor-widget-icon-list\" data-id=\"37d0766\" data-element_type=\"widget\" data-e-type=\"widget\" data-widget_type=\"icon-list.default\">\n\t\t\t\t<div class=\"elementor-widget-container\">\n\t\t\t\t\t\t\t<ul class=\"elementor-icon-list-items\">\n\t\t\t\t\t\t\t<li class=\"elementor-icon-list-item\">\n\t\t\t\t\t\t\t\t\t\t\t<span class=\"elementor-icon-list-icon\">\n\t\t\t\t\t\t\t<i aria-hidden=\"true\" class=\"fas fa-cogs\"><\/i>\t\t\t\t\t\t<\/span>\n\t\t\t\t\t\t\t\t\t\t<span class=\"elementor-icon-list-text\">Agilizar la recepci\u00f3n y el despacho de sus productos.<\/span>\n\t\t\t\t\t\t\t\t\t<\/li>\n\t\t\t\t\t\t\t\t<li class=\"elementor-icon-list-item\">\n\t\t\t\t\t\t\t\t\t\t\t<span class=\"elementor-icon-list-icon\">\n\t\t\t\t\t\t\t<i aria-hidden=\"true\" class=\"fas fa-thermometer-three-quarters\"><\/i>\t\t\t\t\t\t<\/span>\n\t\t\t\t\t\t\t\t\t\t<span class=\"elementor-icon-list-text\">Controlar cada unidad de producto almacenada en tiempo real.<\/span>\n\t\t\t\t\t\t\t\t\t<\/li>\n\t\t\t\t\t\t\t\t<li class=\"elementor-icon-list-item\">\n\t\t\t\t\t\t\t\t\t\t\t<span class=\"elementor-icon-list-icon\">\n\t\t\t\t\t\t\t<i aria-hidden=\"true\" class=\"fas fa-search-location\"><\/i>\t\t\t\t\t\t<\/span>\n\t\t\t\t\t\t\t\t\t\t<span class=\"elementor-icon-list-text\">Proporcionar claridad y trazabilidad instant\u00e1nea para una toma de decisiones informada.<\/span>\n\t\t\t\t\t\t\t\t\t<\/li>\n\t\t\t\t\t\t\t\t<li class=\"elementor-icon-list-item\">\n\t\t\t\t\t\t\t\t\t\t\t<span class=\"elementor-icon-list-icon\">\n\t\t\t\t\t\t\t<i aria-hidden=\"true\" class=\"far fa-gem\"><\/i>\t\t\t\t\t\t<\/span>\n\t\t\t\t\t\t\t\t\t\t<span class=\"elementor-icon-list-text\">Su tranquilidad se basa en nuestro control operativo, permiti\u00e9ndole satisfacer eficazmente los compromisos cr\u00edticos de su negocio.<\/span>\n\t\t\t\t\t\t\t\t\t<\/li>\n\t\t\t\t\t\t<\/ul>\n\t\t\t\t\t\t<\/div>\n\t\t\t\t<\/div>\n\t\t\t\t\t<\/div>\n\t\t<\/div>\n\t\t\t\t<div class=\"elementor-column elementor-col-50 elementor-top-column elementor-element elementor-element-566517c elementor-invisible\" data-id=\"566517c\" data-element_type=\"column\" data-e-type=\"column\" data-settings=\"{&quot;animation&quot;:&quot;fadeInLeft&quot;,&quot;background_background&quot;:&quot;classic&quot;}\">\n\t\t\t<div class=\"elementor-widget-wrap\">\n\t\t\t\t\t<div class=\"elementor-background-overlay\"><\/div>\n\t\t\t\t\t\t\t<\/div>\n\t\t<\/div>\n\t\t\t\t\t<\/div>\n\t\t<\/section>\n\t\t\t\t<\/div>","protected":false},"excerpt":{"rendered":"<p>PHAREX STORAGE Estructura Tecnol\u00f3gica (WMS) Almacenamiento Almacenamos y custodiamos tus mercanc\u00edas La seguridad de sus productos es nuestra prioridad. Conscientes del impacto en la salud y el bienestar, ponemos a disposici\u00f3n de nuestros clientes CEDIS especializados y validados. Realizamos Controlamos Realizamos procesos de recepci\u00f3n t\u00e9cnica de productos. Administramos y controlamos los inventarios de forma sistematizada en nuestro WMS Contamos con Almacenamiento en cadena de fr\u00edo 2\u00b0c a 8\u00b0c, m\u00e1s de 700 mt3 y m\u00e1s de 21.000 ubicaciones en temperatura ambiente. Garantizamos un manejo adecuado y seguro de sus mercanc\u00edas, soportados por una robusta estructura tecnol\u00f3gica (WMS) que nos permite: Agilizar la recepci\u00f3n y el despacho de sus productos. Controlar cada unidad de producto almacenada en tiempo real. Proporcionar claridad y trazabilidad instant\u00e1nea para una toma de decisiones informada. Su tranquilidad se basa en nuestro control operativo, permiti\u00e9ndole satisfacer eficazmente los compromisos cr\u00edticos de su negocio.<\/p>","protected":false},"author":10,"featured_media":0,"parent":0,"menu_order":0,"comment_status":"closed","ping_status":"closed","template":"elementor_header_footer","meta":{"footnotes":""},"class_list":["post-6074","page","type-page","status-publish","hentry"],"yoast_head":"<!-- This site is optimized with the Yoast SEO plugin v27.5 - https:\/\/yoast.com\/product\/yoast-seo-wordpress\/ -->\n<title>STORAGE - Pharex<\/title>\n<meta name=\"robots\" content=\"index, follow, max-snippet:-1, max-image-preview:large, max-video-preview:-1\" \/>\n<link rel=\"canonical\" href=\"https:\/\/pharex.co\/en\/storage-pharex\/\" \/>\n<meta property=\"og:locale\" content=\"en_US\" \/>\n<meta property=\"og:type\" content=\"article\" \/>\n<meta property=\"og:title\" content=\"STORAGE - Pharex\" \/>\n<meta property=\"og:description\" content=\"PHAREX STORAGE Estructura Tecnol\u00f3gica (WMS) Almacenamiento Almacenamos y custodiamos tus mercanc\u00edas La seguridad de sus productos es nuestra prioridad. Conscientes del impacto en la salud y el bienestar, ponemos a disposici\u00f3n de nuestros clientes CEDIS especializados y validados. Realizamos Controlamos Realizamos procesos de recepci\u00f3n t\u00e9cnica de productos. Administramos y controlamos los inventarios de forma sistematizada en nuestro WMS Contamos con Almacenamiento en cadena de fr\u00edo 2\u00b0c a 8\u00b0c, m\u00e1s de 700 mt3 y m\u00e1s de 21.000 ubicaciones en temperatura ambiente. Garantizamos un manejo adecuado y seguro de sus mercanc\u00edas, soportados por una robusta estructura tecnol\u00f3gica (WMS) que nos permite: Agilizar la recepci\u00f3n y el despacho de sus productos. Controlar cada unidad de producto almacenada en tiempo real. Proporcionar claridad y trazabilidad instant\u00e1nea para una toma de decisiones informada. Su tranquilidad se basa en nuestro control operativo, permiti\u00e9ndole satisfacer eficazmente los compromisos cr\u00edticos de su negocio.\" \/>\n<meta property=\"og:url\" content=\"https:\/\/pharex.co\/en\/storage-pharex\/\" \/>\n<meta property=\"og:site_name\" content=\"Pharex\" \/>\n<meta property=\"article:modified_time\" content=\"2026-04-14T05:38:51+00:00\" \/>\n<meta property=\"og:image\" content=\"https:\/\/pharex.co\/wp-content\/uploads\/2021\/12\/INVIMAA.webp\" \/>\n\t<meta property=\"og:image:width\" content=\"1547\" \/>\n\t<meta property=\"og:image:height\" content=\"800\" \/>\n\t<meta property=\"og:image:type\" content=\"image\/webp\" \/>\n<meta name=\"twitter:card\" content=\"summary_large_image\" \/>\n<meta name=\"twitter:label1\" content=\"Est. reading time\" \/>\n\t<meta name=\"twitter:data1\" content=\"2 minutes\" \/>\n<script type=\"application\/ld+json\" class=\"yoast-schema-graph\">{\"@context\":\"https:\\\/\\\/schema.org\",\"@graph\":[{\"@type\":\"WebPage\",\"@id\":\"https:\\\/\\\/pharex.co\\\/storage-pharex\\\/\",\"url\":\"https:\\\/\\\/pharex.co\\\/storage-pharex\\\/\",\"name\":\"STORAGE - Pharex\",\"isPartOf\":{\"@id\":\"https:\\\/\\\/pharex.com.co\\\/#website\"},\"primaryImageOfPage\":{\"@id\":\"https:\\\/\\\/pharex.co\\\/storage-pharex\\\/#primaryimage\"},\"image\":{\"@id\":\"https:\\\/\\\/pharex.co\\\/storage-pharex\\\/#primaryimage\"},\"thumbnailUrl\":\"https:\\\/\\\/royal-elementor-addons.com\\\/wp-content\\\/uploads\\\/2020\\\/03\\\/Assedyrut-4-8-300x182.png\",\"datePublished\":\"2026-02-27T04:36:34+00:00\",\"dateModified\":\"2026-04-14T05:38:51+00:00\",\"breadcrumb\":{\"@id\":\"https:\\\/\\\/pharex.co\\\/storage-pharex\\\/#breadcrumb\"},\"inLanguage\":\"en-US\",\"potentialAction\":[{\"@type\":\"ReadAction\",\"target\":[\"https:\\\/\\\/pharex.co\\\/storage-pharex\\\/\"]}]},{\"@type\":\"ImageObject\",\"inLanguage\":\"en-US\",\"@id\":\"https:\\\/\\\/pharex.co\\\/storage-pharex\\\/#primaryimage\",\"url\":\"https:\\\/\\\/royal-elementor-addons.com\\\/wp-content\\\/uploads\\\/2020\\\/03\\\/Assedyrut-4-8-300x182.png\",\"contentUrl\":\"https:\\\/\\\/royal-elementor-addons.com\\\/wp-content\\\/uploads\\\/2020\\\/03\\\/Assedyrut-4-8-300x182.png\"},{\"@type\":\"BreadcrumbList\",\"@id\":\"https:\\\/\\\/pharex.co\\\/storage-pharex\\\/#breadcrumb\",\"itemListElement\":[{\"@type\":\"ListItem\",\"position\":1,\"name\":\"Home\",\"item\":\"https:\\\/\\\/pharex.co\\\/\"},{\"@type\":\"ListItem\",\"position\":2,\"name\":\"STORAGE\"}]},{\"@type\":\"WebSite\",\"@id\":\"https:\\\/\\\/pharex.com.co\\\/#website\",\"url\":\"https:\\\/\\\/pharex.com.co\\\/\",\"name\":\"Pharex\",\"description\":\"Tu aliado en Log\u00edstica Integral\",\"publisher\":{\"@id\":\"https:\\\/\\\/pharex.com.co\\\/#organization\"},\"potentialAction\":[{\"@type\":\"SearchAction\",\"target\":{\"@type\":\"EntryPoint\",\"urlTemplate\":\"https:\\\/\\\/pharex.com.co\\\/?s={search_term_string}\"},\"query-input\":{\"@type\":\"PropertyValueSpecification\",\"valueRequired\":true,\"valueName\":\"search_term_string\"}}],\"inLanguage\":\"en-US\"},{\"@type\":\"Organization\",\"@id\":\"https:\\\/\\\/pharex.com.co\\\/#organization\",\"name\":\"Pharex S.A.\",\"url\":\"https:\\\/\\\/pharex.com.co\\\/\",\"logo\":{\"@type\":\"ImageObject\",\"inLanguage\":\"en-US\",\"@id\":\"https:\\\/\\\/pharex.com.co\\\/#\\\/schema\\\/logo\\\/image\\\/\",\"url\":\"\\\/wp-content\\\/uploads\\\/2022\\\/01\\\/pharex-logo.webp\",\"contentUrl\":\"\\\/wp-content\\\/uploads\\\/2022\\\/01\\\/pharex-logo.webp\",\"width\":1080,\"height\":1080,\"caption\":\"Pharex S.A.\"},\"image\":{\"@id\":\"https:\\\/\\\/pharex.com.co\\\/#\\\/schema\\\/logo\\\/image\\\/\"},\"sameAs\":[\"https:\\\/\\\/www.linkedin.com\\\/company\\\/pharex\",\"https:\\\/\\\/www.youtube.com\\\/channel\\\/UCWh7EjIZ4dJTSb_UztNy0PA\"]}]}<\/script>\n<!-- \/ Yoast SEO plugin. -->","yoast_head_json":{"title":"STORAGE - Pharex","robots":{"index":"index","follow":"follow","max-snippet":"max-snippet:-1","max-image-preview":"max-image-preview:large","max-video-preview":"max-video-preview:-1"},"canonical":"https:\/\/pharex.co\/en\/storage-pharex\/","og_locale":"en_US","og_type":"article","og_title":"STORAGE - Pharex","og_description":"PHAREX STORAGE Estructura Tecnol\u00f3gica (WMS) Almacenamiento Almacenamos y custodiamos tus mercanc\u00edas La seguridad de sus productos es nuestra prioridad. Conscientes del impacto en la salud y el bienestar, ponemos a disposici\u00f3n de nuestros clientes CEDIS especializados y validados. Realizamos Controlamos Realizamos procesos de recepci\u00f3n t\u00e9cnica de productos. Administramos y controlamos los inventarios de forma sistematizada en nuestro WMS Contamos con Almacenamiento en cadena de fr\u00edo 2\u00b0c a 8\u00b0c, m\u00e1s de 700 mt3 y m\u00e1s de 21.000 ubicaciones en temperatura ambiente. Garantizamos un manejo adecuado y seguro de sus mercanc\u00edas, soportados por una robusta estructura tecnol\u00f3gica (WMS) que nos permite: Agilizar la recepci\u00f3n y el despacho de sus productos. Controlar cada unidad de producto almacenada en tiempo real. Proporcionar claridad y trazabilidad instant\u00e1nea para una toma de decisiones informada. Su tranquilidad se basa en nuestro control operativo, permiti\u00e9ndole satisfacer eficazmente los compromisos cr\u00edticos de su negocio.","og_url":"https:\/\/pharex.co\/en\/storage-pharex\/","og_site_name":"Pharex","article_modified_time":"2026-04-14T05:38:51+00:00","og_image":[{"width":1547,"height":800,"url":"https:\/\/pharex.co\/wp-content\/uploads\/2021\/12\/INVIMAA.webp","type":"image\/webp"}],"twitter_card":"summary_large_image","twitter_misc":{"Est. reading time":"2 minutes"},"schema":{"@context":"https:\/\/schema.org","@graph":[{"@type":"WebPage","@id":"https:\/\/pharex.co\/storage-pharex\/","url":"https:\/\/pharex.co\/storage-pharex\/","name":"STORAGE - Pharex","isPartOf":{"@id":"https:\/\/pharex.com.co\/#website"},"primaryImageOfPage":{"@id":"https:\/\/pharex.co\/storage-pharex\/#primaryimage"},"image":{"@id":"https:\/\/pharex.co\/storage-pharex\/#primaryimage"},"thumbnailUrl":"https:\/\/royal-elementor-addons.com\/wp-content\/uploads\/2020\/03\/Assedyrut-4-8-300x182.png","datePublished":"2026-02-27T04:36:34+00:00","dateModified":"2026-04-14T05:38:51+00:00","breadcrumb":{"@id":"https:\/\/pharex.co\/storage-pharex\/#breadcrumb"},"inLanguage":"en-US","potentialAction":[{"@type":"ReadAction","target":["https:\/\/pharex.co\/storage-pharex\/"]}]},{"@type":"ImageObject","inLanguage":"en-US","@id":"https:\/\/pharex.co\/storage-pharex\/#primaryimage","url":"https:\/\/royal-elementor-addons.com\/wp-content\/uploads\/2020\/03\/Assedyrut-4-8-300x182.png","contentUrl":"https:\/\/royal-elementor-addons.com\/wp-content\/uploads\/2020\/03\/Assedyrut-4-8-300x182.png"},{"@type":"BreadcrumbList","@id":"https:\/\/pharex.co\/storage-pharex\/#breadcrumb","itemListElement":[{"@type":"ListItem","position":1,"name":"Home","item":"https:\/\/pharex.co\/"},{"@type":"ListItem","position":2,"name":"STORAGE"}]},{"@type":"WebSite","@id":"https:\/\/pharex.com.co\/#website","url":"https:\/\/pharex.com.co\/","name":"Pharex","description":"Tu aliado en Log\u00edstica Integral","publisher":{"@id":"https:\/\/pharex.com.co\/#organization"},"potentialAction":[{"@type":"SearchAction","target":{"@type":"EntryPoint","urlTemplate":"https:\/\/pharex.com.co\/?s={search_term_string}"},"query-input":{"@type":"PropertyValueSpecification","valueRequired":true,"valueName":"search_term_string"}}],"inLanguage":"en-US"},{"@type":"Organization","@id":"https:\/\/pharex.com.co\/#organization","name":"Pharex S.A.","url":"https:\/\/pharex.com.co\/","logo":{"@type":"ImageObject","inLanguage":"en-US","@id":"https:\/\/pharex.com.co\/#\/schema\/logo\/image\/","url":"\/wp-content\/uploads\/2022\/01\/pharex-logo.webp","contentUrl":"\/wp-content\/uploads\/2022\/01\/pharex-logo.webp","width":1080,"height":1080,"caption":"Pharex S.A."},"image":{"@id":"https:\/\/pharex.com.co\/#\/schema\/logo\/image\/"},"sameAs":["https:\/\/www.linkedin.com\/company\/pharex","https:\/\/www.youtube.com\/channel\/UCWh7EjIZ4dJTSb_UztNy0PA"]}]}},"_links":{"self":[{"href":"https:\/\/pharex.co\/en\/wp-json\/wp\/v2\/pages\/6074","targetHints":{"allow":["GET"]}}],"collection":[{"href":"https:\/\/pharex.co\/en\/wp-json\/wp\/v2\/pages"}],"about":[{"href":"https:\/\/pharex.co\/en\/wp-json\/wp\/v2\/types\/page"}],"author":[{"embeddable":true,"href":"https:\/\/pharex.co\/en\/wp-json\/wp\/v2\/users\/10"}],"replies":[{"embeddable":true,"href":"https:\/\/pharex.co\/en\/wp-json\/wp\/v2\/comments?post=6074"}],"version-history":[{"count":53,"href":"https:\/\/pharex.co\/en\/wp-json\/wp\/v2\/pages\/6074\/revisions"}],"predecessor-version":[{"id":6377,"href":"https:\/\/pharex.co\/en\/wp-json\/wp\/v2\/pages\/6074\/revisions\/6377"}],"wp:attachment":[{"href":"https:\/\/pharex.co\/en\/wp-json\/wp\/v2\/media?parent=6074"}],"curies":[{"name":"wp","href":"https:\/\/api.w.org\/{rel}","templated":true}]}}